{"id":109,"date":"2017-01-15T14:46:51","date_gmt":"2017-01-15T14:46:51","guid":{"rendered":"https:\/\/diakvallalkozasplus.000webhostapp.com\/?page_id=109"},"modified":"2018-05-11T17:10:48","modified_gmt":"2018-05-11T17:10:48","slug":"galeria","status":"publish","type":"page","link":"https:\/\/moricz.arrabonus.hu\/erasmus-baratsag\/galeria\/","title":{"rendered":"Gal\u00e9ria"},"content":{"rendered":"<h4>Magyar di\u00e1kok Lengyelorsz\u00e1gban<\/h4>\n<p style=\"padding-left: 30px;\"><a href=\"https:\/\/photos.google.com\/u\/4\/share\/AF1QipNoe4Zgs9rsWo57kwqXkjifxKqwbXLDpWeOSg1-ZV1yI00ySb5gLwlRsQEx3vqJTg\/photo\/AF1QipO_2jeaxAJi8tKhSGaV6QodlmdCQj9tyBlNaC_r?key=TWE2V0dFM09aamMzTk5uZVFId2ZkS0h1SG14MDBR&amp;hl=hu\">Vas\u00e1rnap<\/a><a href=\"https:\/\/photos.google.com\/u\/4\/share\/AF1QipNoe4Zgs9rsWo57kwqXkjifxKqwbXLDpWeOSg1-ZV1yI00ySb5gLwlRsQEx3vqJTg\/photo\/AF1QipO_2jeaxAJi8tKhSGaV6QodlmdCQj9tyBlNaC_r?key=TWE2V0dFM09aamMzTk5uZVFId2ZkS0h1SG14MDBR\"><br \/>\n<\/a><a href=\"https:\/\/photos.google.com\/u\/4\/album\/AF1QipPD-5rujfwMyLgufp3uqq-7iZsj8ddl-VklZp0s\/photo\/AF1QipO_bToR6FfDVeOXqi5-CbvfBcXh8oURHUYlWrRt?hl=hu\">H\u00e9tf\u0151<\/a><a href=\"https:\/\/photos.google.com\/u\/4\/share\/AF1QipNoe4Zgs9rsWo57kwqXkjifxKqwbXLDpWeOSg1-ZV1yI00ySb5gLwlRsQEx3vqJTg\/photo\/AF1QipO_2jeaxAJi8tKhSGaV6QodlmdCQj9tyBlNaC_r?key=TWE2V0dFM09aamMzTk5uZVFId2ZkS0h1SG14MDBR\"><br \/>\n<\/a><a href=\"https:\/\/photos.google.com\/u\/4\/album\/AF1QipO7emmFbOwCui72c9MLhaQy4E4p-GewOafcJIOX\/photo\/AF1QipMmqVj3C4T4HdsKlvBYkXf1ihYMwkU1Ao1nRcut?hl=hu\">Kedd<\/a><a href=\"https:\/\/photos.google.com\/u\/4\/share\/AF1QipNoe4Zgs9rsWo57kwqXkjifxKqwbXLDpWeOSg1-ZV1yI00ySb5gLwlRsQEx3vqJTg\/photo\/AF1QipO_2jeaxAJi8tKhSGaV6QodlmdCQj9tyBlNaC_r?key=TWE2V0dFM09aamMzTk5uZVFId2ZkS0h1SG14MDBR\"><br \/>\n<\/a><a href=\"https:\/\/photos.google.com\/u\/4\/album\/AF1QipP26WkGA6akwPiFm4K7P38iN2eVVyfLBEsRJ4Aa\/photo\/AF1QipOaPpyL-DfQbV1eJzaZtFeIpX0IWHtR5zX_KBZS?hl=hu\">Szerda<\/a><a href=\"https:\/\/photos.google.com\/u\/4\/share\/AF1QipNoe4Zgs9rsWo57kwqXkjifxKqwbXLDpWeOSg1-ZV1yI00ySb5gLwlRsQEx3vqJTg\/photo\/AF1QipO_2jeaxAJi8tKhSGaV6QodlmdCQj9tyBlNaC_r?key=TWE2V0dFM09aamMzTk5uZVFId2ZkS0h1SG14MDBR\"><br \/>\n<\/a><a href=\"https:\/\/photos.google.com\/u\/4\/album\/AF1QipPtJBV2IIPfiEGY3NZhEJm2RmVdfDh6q_tq2MNZ\/photo\/AF1QipOiLnfL5gM5WbeqGRpVySnL81gUdVvPOc9oYM5N?hl=hu\">Cs\u00fct\u00f6rt\u00f6k<\/a><a href=\"https:\/\/photos.google.com\/u\/4\/share\/AF1QipNoe4Zgs9rsWo57kwqXkjifxKqwbXLDpWeOSg1-ZV1yI00ySb5gLwlRsQEx3vqJTg\/photo\/AF1QipO_2jeaxAJi8tKhSGaV6QodlmdCQj9tyBlNaC_r?key=TWE2V0dFM09aamMzTk5uZVFId2ZkS0h1SG14MDBR\"><br \/>\n<\/a><a href=\"https:\/\/photos.google.com\/u\/4\/album\/AF1QipPZ8WjDJtZowA3RbOx1RRtwM-C-2R-ZGwBXRQxp\/photo\/AF1QipPdcVRv7nI5AtK0dm-cb-QSFIplX7_l7SEFvTSs?hl=hu\">P\u00e9ntek<\/a><a href=\"https:\/\/photos.google.com\/u\/4\/share\/AF1QipNoe4Zgs9rsWo57kwqXkjifxKqwbXLDpWeOSg1-ZV1yI00ySb5gLwlRsQEx3vqJTg\/photo\/AF1QipO_2jeaxAJi8tKhSGaV6QodlmdCQj9tyBlNaC_r?key=TWE2V0dFM09aamMzTk5uZVFId2ZkS0h1SG14MDBR\"><br \/>\n<\/a><\/p>\n<h4>Lengyel di\u00e1kok Kis\u00fajsz\u00e1ll\u00e1son<\/h4>\n<p style=\"padding-left: 30px;\"><a href=\"https:\/\/photos.google.com\/u\/4\/share\/AF1QipMq-ixX908hc4KfxjuYovGmk03feyM_37Q1CnUEjDy4fVGoQrxW6NuyWtAfQlNSdg\/photo\/AF1QipORM_ciP-rnElKDT6so3khqaVPjJ5sOAGi3VWEg?key=dFdsNDB2UUJqeXVNV29vR1ZjYnJpRnhkd2tlVzZR&amp;hl=hu\">H\u00e9tf\u0151<br \/>\n<\/a><a href=\"https:\/\/photos.google.com\/u\/4\/share\/AF1QipPFITr5Y1bYgU0hgbVUdun1Mu5SVJ2LaetEMWpaETPbVk2lYqWpzU5c6u9w0ESm3Q\/photo\/AF1QipOGdfpAXomWH5U8Zni1-NuldrMFu_kMVkS6v68z?key=MWhRX0hfX1FiUmJEYWlNakkxcW92ZVFHVzE2dmxn&amp;hl=hu\">Kedd<br \/>\n<\/a><a href=\"https:\/\/photos.google.com\/u\/4\/share\/AF1QipPe82NXq8wo5GjVeqCPrayhggcFYhXK6ozsnwfHyvFf_dJ_sNfg85YHRsnQg_7h_A\/photo\/AF1QipOhOB5MXTf3JxHVwLNzJiD5M-JKqyi7hve1u_uU?key=ZjExNFJlYnJrQTBCeFJpUDRVSEhOdFRvY29VbDBB&amp;hl=hu\">Szerda<br \/>\n<\/a><a href=\"https:\/\/photos.google.com\/u\/4\/share\/AF1QipOvaYZ5acndAllRUXOiExL24h-r9Vz665jGL-4sVAXhoEs4SaxFi8zLFFGQt9quvg\/photo\/AF1QipMjSbcaLEBZWuigbRkbw-1BjW0U7Hf_MM9X7MXG?key=U21GQjQtS2FqUkIzWkVVekZwYnRJWGZwN1NDdzZR&amp;hl=hu\">Cs\u00fct\u00f6rt\u00f6k<br \/>\n<\/a><a href=\"https:\/\/photos.google.com\/u\/4\/album\/AF1QipPEz-tRMqeZyU6fMO3zva7n-tv0pmkW-vPJu_UP\/photo\/AF1QipOgAx__qzw4LaE0iSiJcU6xl76WBm3IQhjRGcUu?hl=hu\">P\u00e9ntek<\/a><br \/>\n<a href=\"https:\/\/photos.google.com\/u\/4\/album\/AF1QipNtXUCwy0wYt4leCz5pN1rfQ7FaRQrguNApch4J\/photo\/AF1QipOCnLA-86w17hgtHM-9CbHZjxdSQkM2_GRT88zC?hl=hu\">Szombat<\/a><\/p>\n<h4>Lengyel pedag\u00f3gusok Kis\u00fajsz\u00e1ll\u00e1son<\/h4>\n<p style=\"padding-left: 30px;\"><a href=\"https:\/\/drive.google.com\/open?id=0B-uIHXhn0v-nUTJaSERZY2w1RHM\">Els\u0151 tal\u00e1lkoz\u00e1s<\/a><br \/>\n<a href=\"https:\/\/photos.google.com\/u\/4\/share\/AF1QipNh3n1y4z-DTiFjgybbTp5zZVAnGJfMkeCO8b3NxmgTMJKZPHWWDqaB5dNuyxdC1w\/photo\/AF1QipPoQp-fj-y-bs7oYNic192o_kV7Uh4jSeZnjBHL?key=S2tyOUJlakg1S2pHZW5HNzUxSC12a3hpc21LMDln&amp;hl=hu\">V\u00e1llalkoz\u00e1sok bemutat\u00e1sa<\/a><br \/>\n<a href=\"https:\/\/photos.google.com\/u\/4\/share\/AF1QipO0rR4mMocEJOtNKUtaBmFCdDErGD2ZghWw3fFJEWRl22MR_Psn8DR9_cEVkr7JKw\/photo\/AF1QipONKcCSS23qI_qwxCrBZo2ZMk0f9w2HuyAGKQvb?key=WC1kc3NlLW94OElOZlJtTGxhbDBGd204MTVRQS1n&amp;hl=hu\">Bowling<\/a><br \/>\n<a href=\"https:\/\/photos.google.com\/u\/4\/share\/AF1QipP-JEZb4YcJETXwEofsE0WCtSE52Slr813jmyfFedtFZMkdwTh1tWOE0srfhygXLA\/photo\/AF1QipPWpLJ1Vtx3bDzYxYZUFQsgGRSSo15bPqEloZGc?key=b0g5QW1BM2V2a29pUFlhUlJtNDhmeWxYa2tZVHB3&amp;hl=hu\">Egri kir\u00e1ndul\u00e1s<\/a><br \/>\n<a href=\"https:\/\/photos.google.com\/u\/4\/share\/AF1QipM93DFTvSI8FXRj0YDiax92qbTpN_J6Y8fPcvC2F95YEn_HLEojbPY4UWoU-Va1Yg\/photo\/AF1QipM9UPutUj4BgLjKRdQswFJFNL_8VeAY2CryZegs?key=NWhVNGpSVGNnVUxRYlNMbGVVTlFhaUx1bjBmMmp3&amp;hl=hu\">K\u00f6sz\u00f6nt\u0151<\/a><br \/>\n<a href=\"https:\/\/photos.google.com\/u\/4\/share\/AF1QipPs0M-0IAqazSAqSoLwz6o7Pqyxu0Lf1dDurzLxUp52aU9Xd3zs4riPelun66GsPw\/photo\/AF1QipNMcw4Xl43tyRiIidIVyb-j5yajzqwTq0HrV1ko?key=MlpYOTFubEtlYVBLZjRwWFVkNDNqYnBNSGRjeElR&amp;hl=hu\">Rept\u00e1r<\/a><br \/>\n<a href=\"https:\/\/photos.google.com\/u\/4\/share\/AF1QipMLgtelyPRTXM2dt7hBHQHsUR8aEYawZN4WPPvs2LkT8TtV0rbEBNXWmJtJIBV8XQ\/photo\/AF1QipNz1NsSVx1dOvcsFn2teyZ8611R5XNyxvT9Jluz?key=VW14UTJVd2pscTZXbjhsRU1fWkF1RWlUZFVJS1hB&amp;hl=hu\">D\u00edszvacsora<\/a><\/p>\n","protected":false},"excerpt":{"rendered":"<p>Magyar di\u00e1kok Lengyelorsz\u00e1gban Vas\u00e1rnap H\u00e9tf\u0151 Kedd Szerda Cs\u00fct\u00f6rt\u00f6k P\u00e9ntek Lengyel di\u00e1kok Kis\u00fajsz\u00e1ll\u00e1son H\u00e9tf\u0151 Kedd Szerda Cs\u00fct\u00f6rt\u00f6k P\u00e9ntek Szombat Lengyel pedag\u00f3gusok Kis\u00fajsz\u00e1ll\u00e1son Els\u0151 tal\u00e1lkoz\u00e1s V\u00e1llalkoz\u00e1sok bemutat\u00e1sa Bowling Egri kir\u00e1ndul\u00e1s K\u00f6sz\u00f6nt\u0151 Rept\u00e1r D\u00edszvacsora<\/p>\n","protected":false},"author":1,"featured_media":0,"parent":0,"menu_order":0,"comment_status":"closed","ping_status":"closed","template":"","meta":[],"_links":{"self":[{"href":"https:\/\/moricz.arrabonus.hu\/erasmus-baratsag\/wp-json\/wp\/v2\/pages\/109"}],"collection":[{"href":"https:\/\/moricz.arrabonus.hu\/erasmus-baratsag\/wp-json\/wp\/v2\/pages"}],"about":[{"href":"https:\/\/moricz.arrabonus.hu\/erasmus-baratsag\/wp-json\/wp\/v2\/types\/page"}],"author":[{"embeddable":true,"href":"https:\/\/moricz.arrabonus.hu\/erasmus-baratsag\/wp-json\/wp\/v2\/users\/1"}],"replies":[{"embeddable":true,"href":"https:\/\/moricz.arrabonus.hu\/erasmus-baratsag\/wp-json\/wp\/v2\/comments?post=109"}],"version-history":[{"count":11,"href":"https:\/\/moricz.arrabonus.hu\/erasmus-baratsag\/wp-json\/wp\/v2\/pages\/109\/revisions"}],"predecessor-version":[{"id":224,"href":"https:\/\/moricz.arrabonus.hu\/erasmus-baratsag\/wp-json\/wp\/v2\/pages\/109\/revisions\/224"}],"wp:attachment":[{"href":"https:\/\/moricz.arrabonus.hu\/erasmus-baratsag\/wp-json\/wp\/v2\/media?parent=109"}],"curies":[{"name":"wp","href":"https:\/\/api.w.org\/{rel}","templated":true}]}}