{"id":272,"date":"2018-05-11T17:28:14","date_gmt":"2018-05-11T17:28:14","guid":{"rendered":"http:\/\/moricz.arrabonus.hu\/erasmus-baratsag\/?page_id=272"},"modified":"2018-10-26T13:29:56","modified_gmt":"2018-10-26T13:29:56","slug":"partners","status":"publish","type":"page","link":"https:\/\/moricz.arrabonus.hu\/erasmus-baratsag\/en\/partners\/","title":{"rendered":"Partners"},"content":{"rendered":"<ul>\n<li><a href=\"https:\/\/diakvallalkozasplus.000webhostapp.com\/moricz-zsigmond-reformatus-kollegium-gimnazium-szakgimnazium-es-altalanos-iskola\/\">M\u00f3ricz Zsigmond Reform\u00e1tus Koll\u00e9gium, Gimn\u00e1zium, Szakgimn\u00e1zium \u00e9s \u00c1ltal\u00e1nos Iskola<\/a><\/li>\n<li><a href=\"https:\/\/diakvallalkozasplus.000webhostapp.com\/gimnazjum-im-jana-pawla-ii-w-pisarzowicach\/\">Gimnazjum im.Jana Pawla II w Pisarzowicach<\/a><\/li>\n<li><a href=\"https:\/\/diakvallalkozasplus.000webhostapp.com\/zespol-szkol-w-wilamowicach\/\">Zespol Szkol w Wilamowicach<\/a><\/li>\n<li><a href=\"https:\/\/diakvallalkozasplus.000webhostapp.com\/zespol-szkol-w-dankowicach\/\">Zesp\u00f3\u0142 Szk\u00f3\u0142 w Dankowicach<\/a><\/li>\n<\/ul>\n<p>The partner schools webpage&#8217;s about the Erasmus+:<br \/>\n<a href=\"http:\/\/sppisarzowice.kolnet.com.pl\/erasmus.html?fbclid=IwAR24pzjCpCBpjaJz8qombrLwJAbDKgLrBQdMo1R45Ocw73uXz8KpukQNZgg\">Szko\u0142a Podstawowa im. Jana Paw\u0142a II w Pisarzowicach<\/a><br \/>\n<a href=\"http:\/\/zsp.wilamowice.pl\/?cat=50\">Zespol Szkol w Wilamowicach<\/a><br \/>\nZesp\u00f3\u0142 Szk\u00f3\u0142 w Dankowicach<\/p>\n","protected":false},"excerpt":{"rendered":"<p>M\u00f3ricz Zsigmond Reform\u00e1tus Koll\u00e9gium, Gimn\u00e1zium, Szakgimn\u00e1zium \u00e9s \u00c1ltal\u00e1nos Iskola Gimnazjum im.Jana Pawla II w Pisarzowicach Zespol Szkol w Wilamowicach Zesp\u00f3\u0142 Szk\u00f3\u0142 w Dankowicach The partner schools webpage&#8217;s about the Erasmus+: Szko\u0142a Podstawowa im. Jana Paw\u0142a II w Pisarzowicach Zespol Szkol w Wilamowicach Zesp\u00f3\u0142 Szk\u00f3\u0142 w Dankowicach<\/p>\n","protected":false},"author":1,"featured_media":0,"parent":0,"menu_order":0,"comment_status":"closed","ping_status":"closed","template":"","meta":[],"_links":{"self":[{"href":"https:\/\/moricz.arrabonus.hu\/erasmus-baratsag\/wp-json\/wp\/v2\/pages\/272"}],"collection":[{"href":"https:\/\/moricz.arrabonus.hu\/erasmus-baratsag\/wp-json\/wp\/v2\/pages"}],"about":[{"href":"https:\/\/moricz.arrabonus.hu\/erasmus-baratsag\/wp-json\/wp\/v2\/types\/page"}],"author":[{"embeddable":true,"href":"https:\/\/moricz.arrabonus.hu\/erasmus-baratsag\/wp-json\/wp\/v2\/users\/1"}],"replies":[{"embeddable":true,"href":"https:\/\/moricz.arrabonus.hu\/erasmus-baratsag\/wp-json\/wp\/v2\/comments?post=272"}],"version-history":[{"count":2,"href":"https:\/\/moricz.arrabonus.hu\/erasmus-baratsag\/wp-json\/wp\/v2\/pages\/272\/revisions"}],"predecessor-version":[{"id":311,"href":"https:\/\/moricz.arrabonus.hu\/erasmus-baratsag\/wp-json\/wp\/v2\/pages\/272\/revisions\/311"}],"wp:attachment":[{"href":"https:\/\/moricz.arrabonus.hu\/erasmus-baratsag\/wp-json\/wp\/v2\/media?parent=272"}],"curies":[{"name":"wp","href":"https:\/\/api.w.org\/{rel}","templated":true}]}}